{"id":562,"date":"2021-01-24T06:47:15","date_gmt":"2021-01-24T06:47:15","guid":{"rendered":"https:\/\/nagykiro.hu\/?page_id=562"},"modified":"2022-05-28T15:53:13","modified_gmt":"2022-05-28T15:53:13","slug":"nagykiro","status":"publish","type":"page","link":"https:\/\/nagykiro.hu\/de\/nagykiro\/","title":{"rendered":"NAGYkiro"},"content":{"rendered":"<div data-elementor-type=\"wp-page\" data-elementor-id=\"562\" class=\"elementor elementor-562\" data-elementor-post-type=\"page\">\n\t\t\t\t\t\t<section class=\"elementor-section elementor-top-section elementor-element elementor-element-3d377461 elementor-section-boxed elementor-section-height-default elementor-section-height-default\" data-id=\"3d377461\" data-element_type=\"section\" data-e-type=\"section\">\n\t\t\t\t\t\t<div class=\"elementor-container elementor-column-gap-default\">\n\t\t\t\t\t<div class=\"elementor-column elementor-col-100 elementor-top-column elementor-element elementor-element-5c35bb8d\" data-id=\"5c35bb8d\" data-element_type=\"column\" data-e-type=\"column\">\n\t\t\t<div class=\"elementor-widget-wrap elementor-element-populated\">\n\t\t\t\t\t\t<div class=\"elementor-element elementor-element-55568600 elementor-invisible elementor-widget elementor-widget-text-editor\" data-id=\"55568600\" data-element_type=\"widget\" data-e-type=\"widget\" data-settings=\"{&quot;_animation&quot;:&quot;zoomIn&quot;}\" data-widget_type=\"text-editor.default\">\n\t\t\t\t<div class=\"elementor-widget-container\">\n\t\t\t\t\t\t\t\t\t\n<h2 style=\"text-align: center;\"><strong>\u00dcber<\/strong><\/h2>\n\t\t\t\t\t\t\t\t<\/div>\n\t\t\t\t<\/div>\n\t\t\t\t\t<\/div>\n\t\t<\/div>\n\t\t\t\t\t<\/div>\n\t\t<\/section>\n\t\t\t\t<section class=\"elementor-section elementor-top-section elementor-element elementor-element-0e3fb89 elementor-section-boxed elementor-section-height-default elementor-section-height-default\" data-id=\"0e3fb89\" data-element_type=\"section\" data-e-type=\"section\">\n\t\t\t\t\t\t<div class=\"elementor-container elementor-column-gap-default\">\n\t\t\t\t\t<div class=\"elementor-column elementor-col-100 elementor-top-column elementor-element elementor-element-796145a\" data-id=\"796145a\" data-element_type=\"column\" data-e-type=\"column\">\n\t\t\t<div class=\"elementor-widget-wrap elementor-element-populated\">\n\t\t\t\t\t\t<div class=\"elementor-element elementor-element-b251e97 elementor-widget elementor-widget-image\" data-id=\"b251e97\" data-element_type=\"widget\" data-e-type=\"widget\" data-widget_type=\"image.default\">\n\t\t\t\t<div class=\"elementor-widget-container\">\n\t\t\t\t\t\t\t\t\t\t\t\t<figure class=\"wp-caption\">\n\t\t\t\t\t\t\t\t\t\t\t<a href=\"https:\/\/nagykiro.hu\/wp-content\/uploads\/2022\/03\/IMG_20220329_130609-scaled-e1648627058511.jpg\" data-elementor-open-lightbox=\"yes\" data-elementor-lightbox-title=\"nagykiro terapia masszazs mohacs csontkovacs\" data-elementor-lightbox-description=\"nagykiro terapia masszazs mohacs csontkovacs\" data-e-action-hash=\"#elementor-action%3Aaction%3Dlightbox%26settings%3DeyJpZCI6MjM4OCwidXJsIjoiaHR0cHM6XC9cL25hZ3lraXJvLmh1XC93cC1jb250ZW50XC91cGxvYWRzXC8yMDIyXC8wM1wvSU1HXzIwMjIwMzI5XzEzMDYwOS1zY2FsZWQtZTE2NDg2MjcwNTg1MTEuanBnIn0%3D\">\n\t\t\t\t\t\t\t<img fetchpriority=\"high\" decoding=\"async\" width=\"300\" height=\"225\" src=\"https:\/\/nagykiro.hu\/wp-content\/uploads\/2022\/03\/IMG_20220329_130609-300x225.jpg\" class=\"attachment-medium size-medium wp-image-2388\" alt=\"nagykiro terapia masszazs mohacs csontkovacs\" srcset=\"https:\/\/nagykiro.hu\/wp-content\/uploads\/2022\/03\/IMG_20220329_130609-300x225.jpg 300w, https:\/\/nagykiro.hu\/wp-content\/uploads\/2022\/03\/IMG_20220329_130609-1024x769.jpg 1024w, https:\/\/nagykiro.hu\/wp-content\/uploads\/2022\/03\/IMG_20220329_130609-768x577.jpg 768w, https:\/\/nagykiro.hu\/wp-content\/uploads\/2022\/03\/IMG_20220329_130609-1536x1154.jpg 1536w, https:\/\/nagykiro.hu\/wp-content\/uploads\/2022\/03\/IMG_20220329_130609-2048x1539.jpg 2048w, https:\/\/nagykiro.hu\/wp-content\/uploads\/2022\/03\/IMG_20220329_130609-80x60.jpg 80w, https:\/\/nagykiro.hu\/wp-content\/uploads\/2022\/03\/IMG_20220329_130609-640x480.jpg 640w, https:\/\/nagykiro.hu\/wp-content\/uploads\/2022\/03\/IMG_20220329_130609-110x83.jpg 110w, https:\/\/nagykiro.hu\/wp-content\/uploads\/2022\/03\/IMG_20220329_130609-scaled-e1648627058511.jpg 400w\" sizes=\"(max-width: 300px) 100vw, 300px\" \/>\t\t\t\t\t\t\t\t<\/a>\n\t\t\t\t\t\t\t\t\t\t\t<figcaption class=\"widget-image-caption wp-caption-text\">NAGYkiro Massage-Therapie<\/figcaption>\n\t\t\t\t\t\t\t\t\t\t<\/figure>\n\t\t\t\t\t\t\t\t\t<\/div>\n\t\t\t\t<\/div>\n\t\t\t\t\t<\/div>\n\t\t<\/div>\n\t\t\t\t\t<\/div>\n\t\t<\/section>\n\t\t\t\t<section class=\"elementor-section elementor-top-section elementor-element elementor-element-00beb27 elementor-section-boxed elementor-section-height-default elementor-section-height-default\" data-id=\"00beb27\" data-element_type=\"section\" data-e-type=\"section\">\n\t\t\t\t\t\t<div class=\"elementor-container elementor-column-gap-default\">\n\t\t\t\t\t<div class=\"elementor-column elementor-col-100 elementor-top-column elementor-element elementor-element-7de076f\" data-id=\"7de076f\" data-element_type=\"column\" data-e-type=\"column\">\n\t\t\t<div class=\"elementor-widget-wrap elementor-element-populated\">\n\t\t\t\t\t\t<div class=\"elementor-element elementor-element-bf7cd38 elementor-widget elementor-widget-text-editor\" data-id=\"bf7cd38\" data-element_type=\"widget\" data-e-type=\"widget\" data-widget_type=\"text-editor.default\">\n\t\t\t\t<div class=\"elementor-widget-container\">\n\t\t\t\t\t\t\t\t\t<p>Ich bin G\u00e1bor Nagy, ich bin ein Vollzeit-Massage-Therapeut!\u00a0<\/p>\n<p><span style=\"font-family: var(--primary-font); text-align: center;\">Ich wei\u00df, dass Ihr K\u00f6rper \u00fcber eine erstaunliche eingebaute Intelligenz verf\u00fcgt, und ich m\u00f6chte Ihnen helfen, sein kraftvolles Potenzial f\u00fcr Gesundheit, Heilung und Leistung zu entdecken. Diese angeborene Intelligenz flie\u00dft vom Geist zum K\u00f6rper und verbindet Sie. Mein Ziel ist es, Blockaden in der Wirbels\u00e4ule und im Nervensystem zu l\u00f6sen, damit wir ein h\u00f6heres Ma\u00df an Gesundheit und Verbundenheit ausdr\u00fccken k\u00f6nnen!<\/span><\/p>\n<p class=\"MsoNormal\">NAGYkiro-Therapie<\/p>\n<p class=\"MsoNormal\">Eingeschr\u00e4nkter Bewegungsradius Gelenke um die Muskeln herum<br \/>steif sind, lockere ich sie mit verschiedenen Massagetechniken, um die richtige<br \/>eine wirksame Gelenkmanipulation durchzuf\u00fchren. Bewegen des eingeschn\u00fcrten Gelenks in eine Richtung<br \/>wird mit einer schnellen und kraftvollen Bewegung gebunden. Sie sind zu h\u00f6ren in der<br \/>bestimmte Knackger\u00e4usche, die be\u00e4ngstigend sein k\u00f6nnen. Dieses Knistern,<br \/>sind nicht die Knochen, sondern die Gelenke. Die Wirbels\u00e4ule wird aus dem<br \/>Dreh- und Rotationsbewegungen gehen ebenfalls bis an die Grenze des Gelenks. Der Knackpunkt ist die<br \/>das Ger\u00e4usch, wenn sich das eingeschn\u00fcrte Gelenk aus seiner langen statischen Position herausbewegt,<br \/>und dann kann man sich wieder frei bewegen, was ein sehr angenehmes Gef\u00fchl ist.<br \/>Nach der Behandlung empfehlen wir, mindestens 2 Liter Wasser pro Tag zu trinken und<br \/>zwei oder drei Tage lang zu schonen. Nach den Behandlungen k\u00f6nnen Sie oft Muskelschmerzen versp\u00fcren oder<br \/>lokale Empfindlichkeit gegen\u00fcber Ver\u00e4nderungen der mechanischen Struktur<b>\u00a0<\/b>aber sie sind<br \/>wird in etwa drei Tagen vor\u00fcber sein. Die Anzahl der Versuche, die f\u00fcr den Abschluss der<br \/>Genesung h\u00e4ngt von unserem Lebensstil, dem Schweregrad unserer Symptome, unserem Alter und dem<br \/>wird durch das Tempo der Verbesserung bestimmt, es ist f\u00fcr jeden individuell! Meine Behandlung ist<br \/>kann auch zur Erhaltung der Gesundheit genutzt werden! So wenig wie ein<br \/>k\u00f6nnen wir den Alterungsprozess unseres K\u00f6rpers deutlich verlangsamen und<br \/>wir k\u00f6nnen die Entwicklung schwerer Krankheiten verhindern, indem wir unseren K\u00f6rper<br \/>Selbstheilungskr\u00e4fte!<br \/><br \/>Bereits nach der ersten Behandlung sind ernsthafte<br \/>k\u00f6nnen wir uns verbessern und f\u00fchlen uns oft wie neu geboren!<br \/>So wie die Symmetrie unseres K\u00f6rpers allm\u00e4hlich wiederhergestellt wird, werden auch die Muskeln wiederhergestellt,<br \/>die bisher die Verschiebung unseres Schwerpunkts kompensiert haben, k\u00f6nnen endlich wiederhergestellt werden<br \/>Das gibt ein sehr angenehmes, entspanntes Gef\u00fchl f\u00fcr den ganzen Tag. Unser K\u00f6rper<br \/>wird um Jahre verj\u00fcngt und erh\u00e4lt seine jugendliche Elastizit\u00e4t zur\u00fcck,<br \/>Flexibilit\u00e4t, die sich auch auf unser geistiges Leben auswirkt! Unser Energiefluss wird wiederhergestellt,<br \/>unseren Stoffwechsel, wodurch sich unsere Leistungsf\u00e4higkeit und die unseres K\u00f6rpers deutlich erh\u00f6hen<br \/>Immunit\u00e4t!<\/p>\n<p class=\"MsoNormal\">\u00a0<span style=\"font-family: var(--primary-font);\">\u00a0 \u00a0Immer mehr Menschen haben mit einer Art von Muskelschmerzen zu k\u00e4mpfen, und leider ist dies bereits in der j\u00fcngeren Altersgruppe der Fall! Mit meinem derzeitigen Wissen wage ich zu behaupten, dass es sich um ein zivilisatorisches Problem handelt!<\/span><\/p>\n<p>Monotonie und Bewegungsmangel (ja, ich h\u00f6re oft: \"Ich gehe oft genug zur Arbeit, ich mache Sport usw.\") ) Leider ist dies keine richtige Bewegung f\u00fcr die Tiefenmuskulatur. Das Hauptproblem ist die Anpassung bzw. Abschw\u00e4chung des Problems.<\/p>\n<p>Anf\u00e4ngliche Symptome sind leichte Muskelkr\u00e4mpfe, eingeschr\u00e4nkte Beweglichkeit, Schmerzen in dem Bereich, Verstopfung, dann, wenn wir den schmerzhaften Bereich aufgrund von Fehlhaltungen schonen, Gelenk-, Muskel- und zunehmende Schmerzen an mehreren Stellen. Meine Behandlung st\u00fctzt sich auf diese Beobachtung.<\/p>\n<p>Nat\u00fcrlich kann sie behandelt und wieder schmerzfrei gemacht werden! Viele meiner Kunden wurden wegen schmerzhafter Gliedma\u00dfen, wie z. B. Schulterschmerzen, operiert. Medikamente einnehmen, mit Schmerzen leben? Meine Form der Massage hat die Schulterschmerzen vollst\u00e4ndig beseitigt, wobei ich anmerken m\u00f6chte, dass es sich bei dem Schulterproblem um einen akuten, nach au\u00dfen ausstrahlenden Schmerz handelt, der Ursprung ist komplexer, und es m\u00fcssen mehrere Muskelsegmente korrigiert werden.<\/p>\t\t\t\t\t\t\t\t<\/div>\n\t\t\t\t<\/div>\n\t\t\t\t\t<\/div>\n\t\t<\/div>\n\t\t\t\t\t<\/div>\n\t\t<\/section>\n\t\t\t\t<\/div>","protected":false},"excerpt":{"rendered":"<p>Bemutatkoz\u00e1s NAGYkiro Massz\u00e1zs Ter\u00e1pia Nagy G\u00e1bor vagyok, massz\u00e1zs ter\u00e1pi\u00e1val foglalkozom, teljes munkaid\u0151ben!\u00a0 Tudom, hogy a test\u00e9nek csod\u00e1latos be\u00e9p\u00edtett intelligenci\u00e1ja van, \u00e9s szeretn\u00e9k seg\u00edteni, hogy felfedezze az eg\u00e9szs\u00e9get, a gy\u00f3gyul\u00e1st \u00e9s &hellip; <\/p>","protected":false},"author":1,"featured_media":1748,"parent":0,"menu_order":0,"comment_status":"closed","ping_status":"closed","template":"","meta":{"_seopress_robots_primary_cat":"","_seopress_titles_title":"NAGYkiro Massz\u00e1zs Trigger Ter\u00e1pia Bemutatkoz\u00e1s","_seopress_titles_desc":"NAGYkiro Massz\u00e1zs Trigger Ter\u00e1pia Csontkov\u00e1cs  Moh\u00e1cs Bemutatkoz\u00e1s t\u00f6rt\u00e9net ","_seopress_robots_index":"","footnotes":""},"class_list":["post-562","page","type-page","status-publish","has-post-thumbnail","hentry"],"_links":{"self":[{"href":"https:\/\/nagykiro.hu\/de\/wp-json\/wp\/v2\/pages\/562","targetHints":{"allow":["GET"]}}],"collection":[{"href":"https:\/\/nagykiro.hu\/de\/wp-json\/wp\/v2\/pages"}],"about":[{"href":"https:\/\/nagykiro.hu\/de\/wp-json\/wp\/v2\/types\/page"}],"author":[{"embeddable":true,"href":"https:\/\/nagykiro.hu\/de\/wp-json\/wp\/v2\/users\/1"}],"replies":[{"embeddable":true,"href":"https:\/\/nagykiro.hu\/de\/wp-json\/wp\/v2\/comments?post=562"}],"version-history":[{"count":85,"href":"https:\/\/nagykiro.hu\/de\/wp-json\/wp\/v2\/pages\/562\/revisions"}],"predecessor-version":[{"id":2649,"href":"https:\/\/nagykiro.hu\/de\/wp-json\/wp\/v2\/pages\/562\/revisions\/2649"}],"wp:featuredmedia":[{"embeddable":true,"href":"https:\/\/nagykiro.hu\/de\/wp-json\/wp\/v2\/media\/1748"}],"wp:attachment":[{"href":"https:\/\/nagykiro.hu\/de\/wp-json\/wp\/v2\/media?parent=562"}],"curies":[{"name":"wp","href":"https:\/\/api.w.org\/{rel}","templated":true}]}}